{"id":21,"date":"2015-09-21T13:58:12","date_gmt":"2015-09-21T11:58:12","guid":{"rendered":"http:\/\/norizon.li\/online\/mariosfahrschule\/?page_id=21"},"modified":"2020-03-24T13:48:30","modified_gmt":"2020-03-24T12:48:30","slug":"uber-mich","status":"publish","type":"page","link":"https:\/\/mariosfahrschule.li\/?page_id=21","title":{"rendered":"\u00dcber Mich"},"content":{"rendered":"<p><img loading=\"lazy\" decoding=\"async\" class=\"alignnone size-medium wp-image-301\" src=\"http:\/\/mariosfahrschule.li\/wp-content\/uploads\/2016\/02\/Grundkurs-und-Portrait-Fahrschule-067-e1455966689828-300x128.jpg\" alt=\"Grundkurs und Portrait Fahrschule 067\" width=\"300\" height=\"128\" srcset=\"https:\/\/mariosfahrschule.li\/wp-content\/uploads\/2016\/02\/Grundkurs-und-Portrait-Fahrschule-067-e1455966689828-300x128.jpg 300w, https:\/\/mariosfahrschule.li\/wp-content\/uploads\/2016\/02\/Grundkurs-und-Portrait-Fahrschule-067-e1455966689828-768x328.jpg 768w, https:\/\/mariosfahrschule.li\/wp-content\/uploads\/2016\/02\/Grundkurs-und-Portrait-Fahrschule-067-e1455966689828-1024x437.jpg 1024w, https:\/\/mariosfahrschule.li\/wp-content\/uploads\/2016\/02\/Grundkurs-und-Portrait-Fahrschule-067-e1455966689828.jpg 1920w\" sizes=\"auto, (max-width: 300px) 100vw, 300px\" \/><\/p>\n<div>Ich absolvierte meine Fahrlehrerausbildung im Jahre 2000, im 2001 kam noch der Motorradfahrlehrer hinzu.<\/div>\n<div>Mir bereitet die Arbeit viel Freude und Spass. F\u00fcr mich ist es wichtig, dass Du Dich wohlf\u00fchlst und<\/div>\n<div>Dir das Autofahren Freude macht. Ich bin stets bem\u00fcht, Dir das n\u00f6tige Wissen m\u00f6glichst einfach beizubringen.<\/div>\n<div>\n<table style=\"max-width: 100%; display: inline-block; margin: 0px auto;\" border=\"0\" width=\"850\" cellspacing=\"0\" cellpadding=\"0\">\n<tbody>\n<tr>\n<td style=\"text-align: left;\" width=\"100\">Name:<\/td>\n<td style=\"text-align: left;\">Vogt<\/td>\n<\/tr>\n<tr>\n<td style=\"text-align: left;\" width=\"100\">Vorname:<\/td>\n<td style=\"text-align: left;\">Mario<\/td>\n<\/tr>\n<tr>\n<td style=\"text-align: left;\" width=\"100\">Hobbys:<\/td>\n<td style=\"text-align: left;\">Automobilclub (ACFL), Fahrtrainings, Motorradfahren, Holzen und nat\u00fcrlich meine Fahrschule<\/td>\n<\/tr>\n<\/tbody>\n<\/table>\n<\/div>\n","protected":false},"excerpt":{"rendered":"<p>Ich absolvierte meine Fahrlehrerausbildung im Jahre 2000, im 2001 kam noch der Motorradfahrlehrer hinzu. Mir bereitet die Arbeit viel Freude und Spass. F\u00fcr mich ist es wichtig, dass Du Dich wohlf\u00fchlst und Dir das Autofahren Freude macht. Ich bin stets bem\u00fcht, Dir das n\u00f6tige Wissen m\u00f6glichst einfach beizubringen. Name: Vogt Vorname: Mario Hobbys: Automobilclub (ACFL), [&hellip;]<\/p>\n","protected":false},"author":1,"featured_media":0,"parent":0,"menu_order":1,"comment_status":"closed","ping_status":"closed","template":"","meta":{"footnotes":""},"class_list":["post-21","page","type-page","status-publish","hentry"],"_links":{"self":[{"href":"https:\/\/mariosfahrschule.li\/index.php?rest_route=\/wp\/v2\/pages\/21","targetHints":{"allow":["GET"]}}],"collection":[{"href":"https:\/\/mariosfahrschule.li\/index.php?rest_route=\/wp\/v2\/pages"}],"about":[{"href":"https:\/\/mariosfahrschule.li\/index.php?rest_route=\/wp\/v2\/types\/page"}],"author":[{"embeddable":true,"href":"https:\/\/mariosfahrschule.li\/index.php?rest_route=\/wp\/v2\/users\/1"}],"replies":[{"embeddable":true,"href":"https:\/\/mariosfahrschule.li\/index.php?rest_route=%2Fwp%2Fv2%2Fcomments&post=21"}],"version-history":[{"count":51,"href":"https:\/\/mariosfahrschule.li\/index.php?rest_route=\/wp\/v2\/pages\/21\/revisions"}],"predecessor-version":[{"id":581,"href":"https:\/\/mariosfahrschule.li\/index.php?rest_route=\/wp\/v2\/pages\/21\/revisions\/581"}],"wp:attachment":[{"href":"https:\/\/mariosfahrschule.li\/index.php?rest_route=%2Fwp%2Fv2%2Fmedia&parent=21"}],"curies":[{"name":"wp","href":"https:\/\/api.w.org\/{rel}","templated":true}]}}