{"id":36,"date":"2015-09-22T08:44:43","date_gmt":"2015-09-22T06:44:43","guid":{"rendered":"http:\/\/norizon.li\/online\/mariosfahrschule\/?page_id=36"},"modified":"2025-03-30T09:44:27","modified_gmt":"2025-03-30T07:44:27","slug":"theorie","status":"publish","type":"page","link":"https:\/\/mariosfahrschule.li\/?page_id=36","title":{"rendered":"Theorie"},"content":{"rendered":"<h2>Einzeltheorie<\/h2>\n<ul>\n<li>Findet pers\u00f6nlich bei Marios Fahrschule statt<\/li>\n<li>Mit wenig Zeitaufwand werden speziell die Schwachpunkte verbessert<\/li>\n<li>Grundregeln werden verst\u00e4ndlich, besser als auswendig zu lernen<\/li>\n<li>Gute Vorbereitung hilft dir die Theorie zu bestehen, Zeit und Geld zu sparen<\/li>\n<\/ul>\n<p>Anmeldung via <a href=\"mailto:mario@mariosfahrschule.li?subject=Anfrage%20Einzeltheorie&amp;body=Ich%20habe%20Interesse%20an%20der%20Einzeltheorie.%20%0ABitte%20melde%20Dich%20bei%20mir%0A%0AName%3A%0AVorname%3A%0ATelefon%3A%0ABemerkungen%3A\">Emailformular<\/a> oder 078 890 15 15<br \/>Unterlagen f\u00fcr die Theorieausbildung sind bei mir erh\u00e4ltlich<\/p>\n<h2>Theoriepr\u00fcfung<\/h2>\n<ul>\n<li>Mit der Zulassungsbest\u00e4tigung (Achtung Zulassungsbest\u00e4tigung mindestens 1 Tag vorher beim Amt f\u00fcr Strassenverkehr anfordern) kannst du jeden Mittwoch zwischen 13.15 -14.15 und Donnerstag 17.30 &#8211; 18.30 zur Theoriepr\u00fcfung gehen, ohne dich vorher anzumelden (ID, Pass und Ausl\u00e4nderausweis nicht vergessen)<\/li>\n<li>Die Theoriepr\u00fcfung kann schon ein Monat vor dem Geburtstag absolviert werden<\/li>\n<li>Nur auf Deutsch<\/li>\n<li>Es sind 50 Fragen innerhalb 45 Minuten zu l\u00f6sen (<a href=\"http:\/\/cut.asa.ch\/start_de.htm\" target=\"_blank\" rel=\"noopener noreferrer\">Theoriepr\u00fcfung Beispiel<\/a> )<\/li>\n<\/ul>\n<p>F\u00fcr weitere Fragen stehe ich gerne zur Verf\u00fcgung!<\/p>\n\n\n<p><\/p>\n","protected":false},"excerpt":{"rendered":"<p>Einzeltheorie Findet pers\u00f6nlich bei Marios Fahrschule statt Mit wenig Zeitaufwand werden speziell die Schwachpunkte verbessert Grundregeln werden verst\u00e4ndlich, besser als auswendig zu lernen Gute Vorbereitung hilft dir die Theorie zu bestehen, Zeit und Geld zu sparen Anmeldung via Emailformular oder 078 890 15 15Unterlagen f\u00fcr die Theorieausbildung sind bei mir erh\u00e4ltlich Theoriepr\u00fcfung Mit der Zulassungsbest\u00e4tigung [&hellip;]<\/p>\n","protected":false},"author":1,"featured_media":0,"parent":16,"menu_order":0,"comment_status":"closed","ping_status":"closed","template":"","meta":{"footnotes":""},"class_list":["post-36","page","type-page","status-publish","hentry"],"_links":{"self":[{"href":"https:\/\/mariosfahrschule.li\/index.php?rest_route=\/wp\/v2\/pages\/36","targetHints":{"allow":["GET"]}}],"collection":[{"href":"https:\/\/mariosfahrschule.li\/index.php?rest_route=\/wp\/v2\/pages"}],"about":[{"href":"https:\/\/mariosfahrschule.li\/index.php?rest_route=\/wp\/v2\/types\/page"}],"author":[{"embeddable":true,"href":"https:\/\/mariosfahrschule.li\/index.php?rest_route=\/wp\/v2\/users\/1"}],"replies":[{"embeddable":true,"href":"https:\/\/mariosfahrschule.li\/index.php?rest_route=%2Fwp%2Fv2%2Fcomments&post=36"}],"version-history":[{"count":9,"href":"https:\/\/mariosfahrschule.li\/index.php?rest_route=\/wp\/v2\/pages\/36\/revisions"}],"predecessor-version":[{"id":772,"href":"https:\/\/mariosfahrschule.li\/index.php?rest_route=\/wp\/v2\/pages\/36\/revisions\/772"}],"up":[{"embeddable":true,"href":"https:\/\/mariosfahrschule.li\/index.php?rest_route=\/wp\/v2\/pages\/16"}],"wp:attachment":[{"href":"https:\/\/mariosfahrschule.li\/index.php?rest_route=%2Fwp%2Fv2%2Fmedia&parent=36"}],"curies":[{"name":"wp","href":"https:\/\/api.w.org\/{rel}","templated":true}]}}