{"id":38,"date":"2015-09-22T08:45:01","date_gmt":"2015-09-22T06:45:01","guid":{"rendered":"http:\/\/norizon.li\/online\/mariosfahrschule\/?page_id=38"},"modified":"2025-03-30T09:50:09","modified_gmt":"2025-03-30T07:50:09","slug":"verkehrskunde-vku","status":"publish","type":"page","link":"https:\/\/mariosfahrschule.li\/?page_id=38","title":{"rendered":"Verkehrskunde (VKU)"},"content":{"rendered":"<h2 class=\"art-postheader\">Verkehrskunde<\/h2>\n<div class=\"art-postcontent\">\n<div class=\"art-article\">\n<ul>\n<li>Verkehrskunde ist f\u00fcr die Erste dieser Kategorien AM, A1, A2 beschr\u00e4nkt (35KW) F, B, B1 zu absolvieren<\/li>\n<li>Die Verkehrskunde ist f\u00fcr die Anmeldung zur parktischen F\u00fchrerpr\u00fcfung erforderlich<\/li>\n<li>Verkehrskunde ist auf vier Teile \u00e0 2 Lektionen aufgeteilt<\/li>\n<\/ul>\n<h2>Verkehrskundethemen<\/h2>\n<ul>\n<li>Verkehrssehen<\/li>\n<li>Verkehrsumwelt<\/li>\n<li>Verkehrsdynamik<\/li>\n<li>Verkehrstaktik<\/li>\n<\/ul>\n<p><a href=\"https:\/\/www.fahrschulcenter.li\/verkehrskunde\">Weitere Informationen und Anmedung (Fahrschulcenter)<\/a><\/p>\n<\/div>\n<\/div>\n\n\n<p><\/p>\n","protected":false},"excerpt":{"rendered":"<p>Verkehrskunde Verkehrskunde ist f\u00fcr die Erste dieser Kategorien AM, A1, A2 beschr\u00e4nkt (35KW) F, B, B1 zu absolvieren Die Verkehrskunde ist f\u00fcr die Anmeldung zur parktischen F\u00fchrerpr\u00fcfung erforderlich Verkehrskunde ist auf vier Teile \u00e0 2 Lektionen aufgeteilt Verkehrskundethemen Verkehrssehen Verkehrsumwelt Verkehrsdynamik Verkehrstaktik Weitere Informationen und Anmedung (Fahrschulcenter)<\/p>\n","protected":false},"author":1,"featured_media":0,"parent":16,"menu_order":1,"comment_status":"closed","ping_status":"closed","template":"","meta":{"footnotes":""},"class_list":["post-38","page","type-page","status-publish","hentry"],"_links":{"self":[{"href":"https:\/\/mariosfahrschule.li\/index.php?rest_route=\/wp\/v2\/pages\/38","targetHints":{"allow":["GET"]}}],"collection":[{"href":"https:\/\/mariosfahrschule.li\/index.php?rest_route=\/wp\/v2\/pages"}],"about":[{"href":"https:\/\/mariosfahrschule.li\/index.php?rest_route=\/wp\/v2\/types\/page"}],"author":[{"embeddable":true,"href":"https:\/\/mariosfahrschule.li\/index.php?rest_route=\/wp\/v2\/users\/1"}],"replies":[{"embeddable":true,"href":"https:\/\/mariosfahrschule.li\/index.php?rest_route=%2Fwp%2Fv2%2Fcomments&post=38"}],"version-history":[{"count":10,"href":"https:\/\/mariosfahrschule.li\/index.php?rest_route=\/wp\/v2\/pages\/38\/revisions"}],"predecessor-version":[{"id":773,"href":"https:\/\/mariosfahrschule.li\/index.php?rest_route=\/wp\/v2\/pages\/38\/revisions\/773"}],"up":[{"embeddable":true,"href":"https:\/\/mariosfahrschule.li\/index.php?rest_route=\/wp\/v2\/pages\/16"}],"wp:attachment":[{"href":"https:\/\/mariosfahrschule.li\/index.php?rest_route=%2Fwp%2Fv2%2Fmedia&parent=38"}],"curies":[{"name":"wp","href":"https:\/\/api.w.org\/{rel}","templated":true}]}}