{"id":48,"date":"2015-09-22T08:46:11","date_gmt":"2015-09-22T06:46:11","guid":{"rendered":"http:\/\/norizon.li\/online\/mariosfahrschule\/?page_id=48"},"modified":"2016-12-23T07:45:45","modified_gmt":"2016-12-23T06:45:45","slug":"anhanger","status":"publish","type":"page","link":"https:\/\/mariosfahrschule.li\/?page_id=48","title":{"rendered":"Anh\u00e4nger"},"content":{"rendered":"<div class=\"item-page\">\n<div class=\"art-box art-post\">\n<div class=\"art-box-body art-post-body\">\n<div class=\"art-post-inner\">\n<div class=\"art-postcontent\">\n<div class=\"art-article\">\n<hr \/>\n<h2>Anh\u00e4nger<\/h2>\n<ul>\n<li>Anh\u00e4ngerlernfahrten d\u00fcrfen alleine unternommen werden, wenn Sie im Besitz der Kategorie B sind<\/li>\n<li>Lernfahrausweis ist nur in Liechtenstein und in der Schweiz g\u00fcltig<\/li>\n<\/ul>\n<h2>Wer ben\u00f6tigt BE nicht<\/h2>\n<ul>\n<li>Wer die Kategorie BE im F\u00fchrerausweis eingetragen hat<\/li>\n<li>Auf jeden Fall darf ein Anh\u00e4nger bis 750 Kg Gesamtgewicht mitgef\u00fchrt werden<\/li>\n<\/ul>\n<p>&nbsp;<\/p>\n<p>F\u00fcr weitere Informationen stehe ich gerne zur Verf\u00fcgung!<\/p>\n<\/div>\n<\/div>\n<div class=\"cleared\"><\/div>\n<\/div>\n<div class=\"cleared\"><\/div>\n<\/div>\n<\/div>\n<\/div>\n","protected":false},"excerpt":{"rendered":"<p>Anh\u00e4nger Anh\u00e4ngerlernfahrten d\u00fcrfen alleine unternommen werden, wenn Sie im Besitz der Kategorie B sind Lernfahrausweis ist nur in Liechtenstein und in der Schweiz g\u00fcltig Wer ben\u00f6tigt BE nicht Wer die Kategorie BE im F\u00fchrerausweis eingetragen hat Auf jeden Fall darf ein Anh\u00e4nger bis 750 Kg Gesamtgewicht mitgef\u00fchrt werden &nbsp; F\u00fcr weitere Informationen stehe ich gerne [&hellip;]<\/p>\n","protected":false},"author":1,"featured_media":0,"parent":16,"menu_order":4,"comment_status":"closed","ping_status":"closed","template":"","meta":{"footnotes":""},"class_list":["post-48","page","type-page","status-publish","hentry"],"_links":{"self":[{"href":"https:\/\/mariosfahrschule.li\/index.php?rest_route=\/wp\/v2\/pages\/48","targetHints":{"allow":["GET"]}}],"collection":[{"href":"https:\/\/mariosfahrschule.li\/index.php?rest_route=\/wp\/v2\/pages"}],"about":[{"href":"https:\/\/mariosfahrschule.li\/index.php?rest_route=\/wp\/v2\/types\/page"}],"author":[{"embeddable":true,"href":"https:\/\/mariosfahrschule.li\/index.php?rest_route=\/wp\/v2\/users\/1"}],"replies":[{"embeddable":true,"href":"https:\/\/mariosfahrschule.li\/index.php?rest_route=%2Fwp%2Fv2%2Fcomments&post=48"}],"version-history":[{"count":8,"href":"https:\/\/mariosfahrschule.li\/index.php?rest_route=\/wp\/v2\/pages\/48\/revisions"}],"predecessor-version":[{"id":366,"href":"https:\/\/mariosfahrschule.li\/index.php?rest_route=\/wp\/v2\/pages\/48\/revisions\/366"}],"up":[{"embeddable":true,"href":"https:\/\/mariosfahrschule.li\/index.php?rest_route=\/wp\/v2\/pages\/16"}],"wp:attachment":[{"href":"https:\/\/mariosfahrschule.li\/index.php?rest_route=%2Fwp%2Fv2%2Fmedia&parent=48"}],"curies":[{"name":"wp","href":"https:\/\/api.w.org\/{rel}","templated":true}]}}